{"id":27,"date":"2017-11-30T19:17:49","date_gmt":"2017-11-30T18:17:49","guid":{"rendered":"http:\/\/psychologuemorbihan.fr\/?page_id=27"},"modified":"2025-04-28T11:11:38","modified_gmt":"2025-04-28T09:11:38","slug":"a-propos-de","status":"publish","type":"page","link":"http:\/\/psychologuemorbihan.fr\/index.php\/a-propos-de\/","title":{"rendered":"Pr\u00e9sentation"},"content":{"rendered":"<ul>\n<li>Instructeur comp\u00e9tent MBCT ( Mindfulness Based Cognitive Therapy), MBCT Formation (certification Qualopi), Paris.<\/li>\n<li>Formation E.M.D.R. (Eye Movement Desensitization and Reprocessing) Niveau I et II \u00e0 l&#8217;E.F.P.E. (\u00a0Ecole fran\u00e7aise de psychoth\u00e9rapie EMDR).<\/li>\n<li>Master 2 \u00ab\u00a0Psychologie clinique et psychoth\u00e9rapies\u00a0\u00bb Universit\u00e9 Paris 8 &#8211; Paris, France<\/li>\n<li>D.I.U \u00ab \u00c9tude de la sexualit\u00e9 humaine\u00a0\u00bb Facult\u00e9 de M\u00e9decine, Nantes, France.<\/li>\n<li>Dipl\u00f4me \u00ab\u00a0Praticien en Sexologie\u00a0\u00bb E.F.S. \u2013 Paris, France.<\/li>\n<li>Dipl\u00f4me \u00ab\u00a0Ma\u00eetrise de Psychologie Clinique\u00a0et Psychopathologie \u00bb U.N.L.P. \u2013 La Plata, Argentine.<\/li>\n<li>Membre Titulaire de la Soci\u00e9t\u00e9 Fran\u00e7aise de Sexologie Clinique (S.F.S.C.)<\/li>\n<li>Membre Titulaire de l&#8217;Association Interdisciplinaire post-Universitaire de Sexologie (A.I.U.S.)<\/li>\n<\/ul>\n","protected":false},"excerpt":{"rendered":"<p>Instructeur comp\u00e9tent MBCT ( Mindfulness Based Cognitive Therapy), MBCT Formation (certification Qualopi), Paris. Formation E.M.D.R. (Eye Movement Desensitization and Reprocessing) Niveau I et II \u00e0 l&#8217;E.F.P.E. (\u00a0Ecole fran\u00e7aise de psychoth\u00e9rapie EMDR). Master 2 \u00ab\u00a0Psychologie clinique et psychoth\u00e9rapies\u00a0\u00bb Universit\u00e9 Paris 8 &#8211; Paris, France D.I.U \u00ab \u00c9tude de la sexualit\u00e9 humaine\u00a0\u00bb Facult\u00e9 de M\u00e9decine, Nantes, France. &hellip; <a href=\"http:\/\/psychologuemorbihan.fr\/index.php\/a-propos-de\/\" class=\"more-link\">Continue reading <span class=\"screen-reader-text\">Pr\u00e9sentation<\/span><\/a><\/p>\n","protected":false},"author":1,"featured_media":0,"parent":0,"menu_order":0,"comment_status":"closed","ping_status":"closed","template":"","meta":{"footnotes":""},"_links":{"self":[{"href":"http:\/\/psychologuemorbihan.fr\/index.php\/wp-json\/wp\/v2\/pages\/27"}],"collection":[{"href":"http:\/\/psychologuemorbihan.fr\/index.php\/wp-json\/wp\/v2\/pages"}],"about":[{"href":"http:\/\/psychologuemorbihan.fr\/index.php\/wp-json\/wp\/v2\/types\/page"}],"author":[{"embeddable":true,"href":"http:\/\/psychologuemorbihan.fr\/index.php\/wp-json\/wp\/v2\/users\/1"}],"replies":[{"embeddable":true,"href":"http:\/\/psychologuemorbihan.fr\/index.php\/wp-json\/wp\/v2\/comments?post=27"}],"version-history":[{"count":6,"href":"http:\/\/psychologuemorbihan.fr\/index.php\/wp-json\/wp\/v2\/pages\/27\/revisions"}],"predecessor-version":[{"id":117,"href":"http:\/\/psychologuemorbihan.fr\/index.php\/wp-json\/wp\/v2\/pages\/27\/revisions\/117"}],"wp:attachment":[{"href":"http:\/\/psychologuemorbihan.fr\/index.php\/wp-json\/wp\/v2\/media?parent=27"}],"curies":[{"name":"wp","href":"https:\/\/api.w.org\/{rel}","templated":true}]}}